{"id":643,"date":"2024-08-01T12:42:24","date_gmt":"2024-08-01T11:42:24","guid":{"rendered":"https:\/\/torbal.eu\/index.php\/inicio-4\/"},"modified":"2025-03-13T01:30:08","modified_gmt":"2025-03-13T00:30:08","slug":"inicio-4","status":"publish","type":"page","link":"https:\/\/torbal.eu\/","title":{"rendered":"Inicio"},"content":{"rendered":"\t\t<div data-elementor-type=\"wp-page\" data-elementor-id=\"643\" class=\"elementor elementor-643\" data-elementor-settings=\"{&quot;ha_cmc_init_switcher&quot;:&quot;no&quot;}\" data-elementor-post-type=\"page\">\n\t\t\t\t<div class=\"elementor-element elementor-element-074b511 e-flex e-con-boxed e-con e-parent\" data-id=\"074b511\" data-element_type=\"container\" data-settings=\"{&quot;background_background&quot;:&quot;slideshow&quot;,&quot;background_slideshow_gallery&quot;:[{&quot;id&quot;:1366,&quot;url&quot;:&quot;http:\\\/\\\/torbal.eu\\\/wp-content\\\/uploads\\\/2025\\\/03\\\/Da-Vinci-B-2-scaled.jpg&quot;},{&quot;id&quot;:1098,&quot;url&quot;:&quot;http:\\\/\\\/torbal.eu\\\/wp-content\\\/uploads\\\/2024\\\/08\\\/bicicleta.jpeg&quot;},{&quot;id&quot;:1340,&quot;url&quot;:&quot;http:\\\/\\\/torbal.eu\\\/wp-content\\\/uploads\\\/2025\\\/03\\\/Comercio-B-2.jpg&quot;}],&quot;background_slideshow_slide_duration&quot;:6000,&quot;background_slideshow_loop&quot;:&quot;yes&quot;,&quot;background_slideshow_slide_transition&quot;:&quot;fade&quot;,&quot;background_slideshow_transition_duration&quot;:500,&quot;_ha_eqh_enable&quot;:false}\">\n\t\t\t\t\t<div class=\"e-con-inner\">\n\t\t\t\t<div class=\"elementor-element elementor-element-4015dd6 elementor-widget elementor-widget-eael-fancy-text\" data-id=\"4015dd6\" data-element_type=\"widget\" data-widget_type=\"eael-fancy-text.default\">\n\t\t\t\t<div class=\"elementor-widget-container\">\n\t\t\t\t\t\n\t<div  class=\"eael-fancy-text-container style-1\" data-fancy-text-id=\"4015dd6\" data-fancy-text=\"|Innovaci\u00f3n que transforma tus ideas en realidad|Dise\u00f1amos el futuro, mejoramos el presente|Tu visi\u00f3n, nuestra misi\u00f3n: soluciones a medida\" data-fancy-text-transition-type=\"typing\" data-fancy-text-speed=\"50\" data-fancy-text-delay=\"2500\" data-fancy-text-cursor=\"yes\" data-fancy-text-loop=\"yes\" >\n\t\t\t\t\t<span class=\"eael-fancy-text-prefix\">TORBAL SOLUTIONS &gt;  <\/span>\n\t\t\n\t\t\n\t\t\t\t\t<span id=\"eael-fancy-text-4015dd6\" class=\"eael-fancy-text-strings solid-color\">\n\t\t\t\t<noscript>\n\t\t\t\t\tInnovaci\u00f3n que transforma tus ideas en realidad, Dise\u00f1amos el futuro, mejoramos el presente, Tu visi\u00f3n, nuestra misi\u00f3n: soluciones a medida\t\t\t\t<\/noscript>\n\t\t\t<\/span>\n\t\t\n\t\t\t<\/div><!-- close .eael-fancy-text-container -->\n\n\t<div class=\"clearfix\"><\/div>\n\n\t\t\t\t\t<\/div>\n\t\t\t\t<\/div>\n\t\t\t\t\t<\/div>\n\t\t\t\t<\/div>\n\t\t\t\t<section class=\"elementor-section elementor-top-section elementor-element elementor-element-7446e2f elementor-section-full_width elementor-section-height-default elementor-section-height-default\" data-id=\"7446e2f\" data-element_type=\"section\" data-settings=\"{&quot;background_background&quot;:&quot;classic&quot;,&quot;sticky&quot;:&quot;top&quot;,&quot;_ha_eqh_enable&quot;:false,&quot;sticky_on&quot;:[&quot;desktop&quot;,&quot;tablet&quot;,&quot;mobile&quot;],&quot;sticky_offset&quot;:0,&quot;sticky_effects_offset&quot;:0,&quot;sticky_anchor_link_offset&quot;:0}\">\n\t\t\t\t\t\t<div class=\"elementor-container elementor-column-gap-default\">\n\t\t\t\t\t<div class=\"elementor-column elementor-col-100 elementor-top-column elementor-element elementor-element-f7b3352\" data-id=\"f7b3352\" data-element_type=\"column\">\n\t\t\t<div class=\"elementor-widget-wrap elementor-element-populated\">\n\t\t\t\t\t\t<div class=\"elementor-element elementor-element-4e5b2ce7 elementor-widget elementor-widget-ha-navigation-menu happy-addon ha-navigation-menu\" data-id=\"4e5b2ce7\" data-element_type=\"widget\" data-widget_type=\"ha-navigation-menu.default\">\n\t\t\t\t<div class=\"elementor-widget-container\">\n\t\t\t\t\t<nav class=\"ha-nav-menu ha-navigation-menu-wrapper\"><div class=\"menu-menu-principal-container\">\t\t\t\t<div class=\"ha-nav-humberger-wrapper\">\n\t\t\t\t\t<span class=\"ha-menu-open-icon ha-menu-toggler\" data-humberger=\"open\"><i aria-hidden=\"true\" class=\"huge huge-menu-06\"><\/i><\/span>\n\t\t\t\t\t<span class=\"ha-menu-close-icon ha-menu-toggler hide-icon\" data-humberger=\"close\"><svg aria-hidden=\"true\" class=\"e-font-icon-svg e-fas-window-close\" viewBox=\"0 0 512 512\" xmlns=\"http:\/\/www.w3.org\/2000\/svg\"><path d=\"M464 32H48C21.5 32 0 53.5 0 80v352c0 26.5 21.5 48 48 48h416c26.5 0 48-21.5 48-48V80c0-26.5-21.5-48-48-48zm-83.6 290.5c4.8 4.8 4.8 12.6 0 17.4l-40.5 40.5c-4.8 4.8-12.6 4.8-17.4 0L256 313.3l-66.5 67.1c-4.8 4.8-12.6 4.8-17.4 0l-40.5-40.5c-4.8-4.8-4.8-12.6 0-17.4l67.1-66.5-67.1-66.5c-4.8-4.8-4.8-12.6 0-17.4l40.5-40.5c4.8-4.8 12.6-4.8 17.4 0l66.5 67.1 66.5-67.1c4.8-4.8 12.6-4.8 17.4 0l40.5 40.5c4.8 4.8 4.8 12.6 0 17.4L313.3 256l67.1 66.5z\"><\/path><\/svg><\/span>\n\t\t\t\t<\/div>\n\t\t\t<ul id=\"menu-menu-principal\" class=\"menu\"><li id=\"menu-item-734\" class=\"menu-item menu-item-type-post_type menu-item-object-page menu-item-home\"><a href=\"https:\/\/torbal.eu\/\"><span class=\"menu-item-title\">Inicio<\/span><\/a><\/li>\n<li id=\"menu-item-795\" class=\"menu-item menu-item-type-post_type menu-item-object-page\"><a href=\"https:\/\/torbal.eu\/index.php\/servicios\/\"><span class=\"menu-item-title\">Servicios<\/span><\/a><\/li>\n<li id=\"menu-item-794\" class=\"menu-item menu-item-type-post_type menu-item-object-page\"><a href=\"https:\/\/torbal.eu\/index.php\/proyectos\/\"><span class=\"menu-item-title\">Proyectos<\/span><\/a><\/li>\n<li id=\"menu-item-740\" class=\"menu-item menu-item-type-post_type menu-item-object-page\"><a href=\"https:\/\/torbal.eu\/index.php\/contacto-3\/\"><span class=\"menu-item-title\">Contacto<\/span><\/a><\/li>\n<\/ul><\/div><\/nav>\t\t\t\t<\/div>\n\t\t\t\t<\/div>\n\t\t\t\t\t<\/div>\n\t\t<\/div>\n\t\t\t\t\t<\/div>\n\t\t<\/section>\n\t\t<div class=\"elementor-element elementor-element-31fc56c e-flex e-con-boxed e-con e-parent\" data-id=\"31fc56c\" data-element_type=\"container\" data-settings=\"{&quot;_ha_eqh_enable&quot;:false}\">\n\t\t\t\t\t<div class=\"e-con-inner\">\n\t\t\t\t<div class=\"elementor-element elementor-element-4e8185b elementor-widget elementor-widget-spacer\" data-id=\"4e8185b\" data-element_type=\"widget\" data-widget_type=\"spacer.default\">\n\t\t\t\t<div class=\"elementor-widget-container\">\n\t\t\t\t\t\t\t<div class=\"elementor-spacer\">\n\t\t\t<div class=\"elementor-spacer-inner\"><\/div>\n\t\t<\/div>\n\t\t\t\t\t\t<\/div>\n\t\t\t\t<\/div>\n\t\t\t\t\t<\/div>\n\t\t\t\t<\/div>\n\t\t<div class=\"elementor-element elementor-element-3a94176 e-flex e-con-boxed e-con e-parent\" data-id=\"3a94176\" data-element_type=\"container\" data-settings=\"{&quot;_ha_eqh_enable&quot;:false}\">\n\t\t\t\t\t<div class=\"e-con-inner\">\n\t\t\t\t<div class=\"elementor-element elementor-element-a2aa0ab elementor-widget elementor-widget-text-editor\" data-id=\"a2aa0ab\" data-element_type=\"widget\" data-widget_type=\"text-editor.default\">\n\t\t\t\t<div class=\"elementor-widget-container\">\n\t\t\t\t\t\t\t\t\t<p style=\"text-align: justify;\"><span style=\"color: #ff6600;\"><strong>TORBAL SOLUTIONS<\/strong><\/span> somos una empresa de I+D+i donde c<em style=\"color: var( --e-global-color-text ); font-family: var( --e-global-typography-text-font-family ), Sans-serif; font-weight: var( --e-global-typography-text-font-weight ); text-align: var(--text-align); background-color: var(--base-2);\">reamos, dise\u00f1amos, remodelamos o mejoramos productos de empresas y particulares.<\/em><\/p><p style=\"text-align: justify;\"><em>Disponemos en nuestra cartera de productos de siete<\/em><em>\u00a0patentes de dise\u00f1os en distintos campos de la industria, los cuales cumplen con los m\u00e1ximos est\u00e1ndares de calidad y eficiencia.<\/em><\/p><p style=\"text-align: justify;\">A estas siete patentes propias hay que sumar diversas colaboraciones en patentes de otras empresas, distribuidoras y comercializadoras de productos odontol\u00f3gicos.<\/p>\t\t\t\t\t\t\t\t<\/div>\n\t\t\t\t<\/div>\n\t\t\t\t\t<\/div>\n\t\t\t\t<\/div>\n\t\t<div class=\"elementor-element elementor-element-e08dfe5 e-flex e-con-boxed e-con e-parent\" data-id=\"e08dfe5\" data-element_type=\"container\" data-settings=\"{&quot;_ha_eqh_enable&quot;:false}\">\n\t\t\t\t\t<div class=\"e-con-inner\">\n\t\t<div class=\"elementor-element elementor-element-5b0e304 e-con-full e-flex e-con e-child\" data-id=\"5b0e304\" data-element_type=\"container\" data-settings=\"{&quot;background_background&quot;:&quot;classic&quot;,&quot;_ha_eqh_enable&quot;:false}\">\n\t\t\t\t<\/div>\n\t\t<div class=\"elementor-element elementor-element-19c6c54 e-con-full e-flex e-con e-child\" data-id=\"19c6c54\" data-element_type=\"container\" data-settings=\"{&quot;_ha_eqh_enable&quot;:false}\">\n\t\t\t\t<div class=\"elementor-element elementor-element-5cc4c8e elementor-widget elementor-widget-text-editor\" data-id=\"5cc4c8e\" data-element_type=\"widget\" data-widget_type=\"text-editor.default\">\n\t\t\t\t<div class=\"elementor-widget-container\">\n\t\t\t\t\t\t\t\t\t<p style=\"text-align: justify;\">En <span style=\"color: #ff6600;\"><strong>TORBAL SOLUTIONS<\/strong><\/span>, no solo nos dedicamos a la investigaci\u00f3n y el desarrollo, sino que tambi\u00e9n nos apasiona transformar ideas en realidades tangibles. Nuestro equipo de expertos trabaja codo a codo con nuestros clientes para entender sus necesidades espec\u00edficas y ofrecer soluciones personalizadas que se adapten a sus objetivos.<\/p><p style=\"text-align: justify;\">Ya sea que necesites un nuevo dise\u00f1o innovador o una mejora en un producto existente, estamos aqu\u00ed para ayudarte a destacar en el mercado.<\/p>\t\t\t\t\t\t\t\t<\/div>\n\t\t\t\t<\/div>\n\t\t\t\t<\/div>\n\t\t\t\t\t<\/div>\n\t\t\t\t<\/div>\n\t\t<div class=\"elementor-element elementor-element-4c9e4fc e-flex e-con-boxed e-con e-parent\" data-id=\"4c9e4fc\" data-element_type=\"container\" data-settings=\"{&quot;_ha_eqh_enable&quot;:false}\">\n\t\t\t\t\t<div class=\"e-con-inner\">\n\t\t<div class=\"elementor-element elementor-element-da4f4f7 e-con-full e-flex e-con e-child\" data-id=\"da4f4f7\" data-element_type=\"container\" data-settings=\"{&quot;_ha_eqh_enable&quot;:false}\">\n\t\t\t\t<div class=\"elementor-element elementor-element-0ea728b elementor-widget elementor-widget-text-editor\" data-id=\"0ea728b\" data-element_type=\"widget\" data-widget_type=\"text-editor.default\">\n\t\t\t\t<div class=\"elementor-widget-container\">\n\t\t\t\t\t\t\t\t\t<p style=\"text-align: justify;\">Nuestras siete patentes son solo el comienzo. Nos enorgullece colaborar con otras empresas y profesionales del sector, lo que nos permite enriquecer nuestro portafolio y ofrecer una gama m\u00e1s amplia de soluciones.<\/p><p style=\"text-align: justify;\">Gracias a estas alianzas estrat\u00e9gicas, podemos integrar las \u00faltimas tecnolog\u00edas y tendencias en nuestros desarrollos, asegurando que nuestros clientes siempre cuenten con productos de vanguardia que superen sus expectativas.<\/p>\t\t\t\t\t\t\t\t<\/div>\n\t\t\t\t<\/div>\n\t\t\t\t<\/div>\n\t\t<div class=\"elementor-element elementor-element-8e5df23 e-con-full e-flex e-con e-child\" data-id=\"8e5df23\" data-element_type=\"container\" data-settings=\"{&quot;background_background&quot;:&quot;classic&quot;,&quot;_ha_eqh_enable&quot;:false}\">\n\t\t\t\t<\/div>\n\t\t\t\t\t<\/div>\n\t\t\t\t<\/div>\n\t\t<div class=\"elementor-element elementor-element-ccebe3c e-flex e-con-boxed e-con e-parent\" data-id=\"ccebe3c\" data-element_type=\"container\" data-settings=\"{&quot;_ha_eqh_enable&quot;:false}\">\n\t\t\t\t\t<div class=\"e-con-inner\">\n\t\t\t\t<div class=\"elementor-element elementor-element-c0de65f elementor-widget elementor-widget-text-editor\" data-id=\"c0de65f\" data-element_type=\"widget\" data-widget_type=\"text-editor.default\">\n\t\t\t\t<div class=\"elementor-widget-container\">\n\t\t\t\t\t\t\t\t\t<p style=\"text-align: justify;\">En <strong><span style=\"color: #ff6600;\">TORBAL SOLUTIONS<\/span><\/strong> la calidad y la eficiencia son nuestra prioridad. Cada uno de nuestros productos es sometido a rigurosos controles de calidad para garantizar que cumplan con los m\u00e1s altos est\u00e1ndares del sector. Al elegirnos, no solo obtienes un producto innovador, sino tambi\u00e9n la tranquilidad de saber que est\u00e1s invirtiendo en soluciones confiables y efectivas que impulsar\u00e1n tu negocio hacia el \u00e9xito.<\/p>\t\t\t\t\t\t\t\t<\/div>\n\t\t\t\t<\/div>\n\t\t\t\t\t<\/div>\n\t\t\t\t<\/div>\n\t\t<div class=\"elementor-element elementor-element-bf65f1b e-flex e-con-boxed e-con e-parent\" data-id=\"bf65f1b\" data-element_type=\"container\" data-settings=\"{&quot;_ha_eqh_enable&quot;:false}\">\n\t\t\t\t\t<div class=\"e-con-inner\">\n\t\t\t\t<div class=\"elementor-element elementor-element-f01cac0 elementor-widget elementor-widget-spacer\" data-id=\"f01cac0\" data-element_type=\"widget\" data-widget_type=\"spacer.default\">\n\t\t\t\t<div class=\"elementor-widget-container\">\n\t\t\t\t\t\t\t<div class=\"elementor-spacer\">\n\t\t\t<div class=\"elementor-spacer-inner\"><\/div>\n\t\t<\/div>\n\t\t\t\t\t\t<\/div>\n\t\t\t\t<\/div>\n\t\t\t\t\t<\/div>\n\t\t\t\t<\/div>\n\t\t<div class=\"elementor-element elementor-element-786007d e-flex e-con-boxed e-con e-parent\" data-id=\"786007d\" data-element_type=\"container\" data-settings=\"{&quot;_ha_eqh_enable&quot;:false}\">\n\t\t\t\t\t<div class=\"e-con-inner\">\n\t\t\t\t<div class=\"elementor-element elementor-element-62c40cf elementor-widget elementor-widget-spacer\" data-id=\"62c40cf\" data-element_type=\"widget\" data-widget_type=\"spacer.default\">\n\t\t\t\t<div class=\"elementor-widget-container\">\n\t\t\t\t\t\t\t<div class=\"elementor-spacer\">\n\t\t\t<div class=\"elementor-spacer-inner\"><\/div>\n\t\t<\/div>\n\t\t\t\t\t\t<\/div>\n\t\t\t\t<\/div>\n\t\t\t\t\t<\/div>\n\t\t\t\t<\/div>\n\t\t\t\t<\/div>\n\t\t","protected":false},"excerpt":{"rendered":"<p>TORBAL SOLUTIONS &gt; Innovaci\u00f3n que transforma tus ideas en realidad, Dise\u00f1amos el futuro, mejoramos el presente, Tu visi\u00f3n, nuestra misi\u00f3n: soluciones a medida Inicio Servicios Proyectos Contacto TORBAL SOLUTIONS somos una empresa de I+D+i donde creamos, dise\u00f1amos, remodelamos o mejoramos productos de empresas y particulares. Disponemos en nuestra cartera de productos de siete\u00a0patentes de dise\u00f1os &#8230; <a title=\"Inicio\" class=\"read-more\" href=\"https:\/\/torbal.eu\/\" aria-label=\"Leer m\u00e1s sobre Inicio\">Leer m\u00e1s<\/a><\/p>\n","protected":false},"author":2,"featured_media":0,"parent":0,"menu_order":1,"comment_status":"closed","ping_status":"closed","template":"elementor_header_footer","meta":{"footnotes":""},"class_list":["post-643","page","type-page","status-publish"],"_links":{"self":[{"href":"https:\/\/torbal.eu\/index.php\/wp-json\/wp\/v2\/pages\/643","targetHints":{"allow":["GET"]}}],"collection":[{"href":"https:\/\/torbal.eu\/index.php\/wp-json\/wp\/v2\/pages"}],"about":[{"href":"https:\/\/torbal.eu\/index.php\/wp-json\/wp\/v2\/types\/page"}],"author":[{"embeddable":true,"href":"https:\/\/torbal.eu\/index.php\/wp-json\/wp\/v2\/users\/2"}],"replies":[{"embeddable":true,"href":"https:\/\/torbal.eu\/index.php\/wp-json\/wp\/v2\/comments?post=643"}],"version-history":[{"count":148,"href":"https:\/\/torbal.eu\/index.php\/wp-json\/wp\/v2\/pages\/643\/revisions"}],"predecessor-version":[{"id":1369,"href":"https:\/\/torbal.eu\/index.php\/wp-json\/wp\/v2\/pages\/643\/revisions\/1369"}],"wp:attachment":[{"href":"https:\/\/torbal.eu\/index.php\/wp-json\/wp\/v2\/media?parent=643"}],"curies":[{"name":"wp","href":"https:\/\/api.w.org\/{rel}","templated":true}]}}