{"id":3,"date":"2024-06-03T19:25:24","date_gmt":"2024-06-03T19:25:24","guid":{"rendered":"http:\/\/torbal.eu\/?page_id=3"},"modified":"2024-08-01T21:25:56","modified_gmt":"2024-08-01T20:25:56","slug":"aviso-legal","status":"publish","type":"page","link":"https:\/\/torbal.eu\/index.php\/aviso-legal\/","title":{"rendered":"Aviso Legal"},"content":{"rendered":"\t\t<div data-elementor-type=\"wp-page\" data-elementor-id=\"3\" class=\"elementor elementor-3\" data-elementor-settings=\"{&quot;ha_cmc_init_switcher&quot;:&quot;no&quot;}\" data-elementor-post-type=\"page\">\n\t\t\t\t\t\t<section class=\"elementor-section elementor-top-section elementor-element elementor-element-4e0848c3 elementor-section-full_width elementor-section-height-default elementor-section-height-default\" data-id=\"4e0848c3\" data-element_type=\"section\" data-settings=\"{&quot;background_background&quot;:&quot;classic&quot;,&quot;sticky&quot;:&quot;top&quot;,&quot;_ha_eqh_enable&quot;:false,&quot;sticky_on&quot;:[&quot;desktop&quot;,&quot;tablet&quot;,&quot;mobile&quot;],&quot;sticky_offset&quot;:0,&quot;sticky_effects_offset&quot;:0,&quot;sticky_anchor_link_offset&quot;:0}\">\n\t\t\t\t\t\t<div class=\"elementor-container elementor-column-gap-default\">\n\t\t\t\t\t<div class=\"elementor-column elementor-col-100 elementor-top-column elementor-element elementor-element-264eb221\" data-id=\"264eb221\" data-element_type=\"column\">\n\t\t\t<div class=\"elementor-widget-wrap elementor-element-populated\">\n\t\t\t\t\t\t<div class=\"elementor-element elementor-element-2befb6d7 elementor-widget elementor-widget-ha-navigation-menu happy-addon ha-navigation-menu\" data-id=\"2befb6d7\" data-element_type=\"widget\" data-widget_type=\"ha-navigation-menu.default\">\n\t\t\t\t<div class=\"elementor-widget-container\">\n\t\t\t\t\t<nav class=\"ha-nav-menu ha-navigation-menu-wrapper\"><div class=\"menu-menu-principal-container\">\t\t\t\t<div class=\"ha-nav-humberger-wrapper\">\n\t\t\t\t\t<span class=\"ha-menu-open-icon ha-menu-toggler\" data-humberger=\"open\"><svg aria-hidden=\"true\" class=\"e-font-icon-svg e-fas-bars\" viewBox=\"0 0 448 512\" xmlns=\"http:\/\/www.w3.org\/2000\/svg\"><path d=\"M16 132h416c8.837 0 16-7.163 16-16V76c0-8.837-7.163-16-16-16H16C7.163 60 0 67.163 0 76v40c0 8.837 7.163 16 16 16zm0 160h416c8.837 0 16-7.163 16-16v-40c0-8.837-7.163-16-16-16H16c-8.837 0-16 7.163-16 16v40c0 8.837 7.163 16 16 16zm0 160h416c8.837 0 16-7.163 16-16v-40c0-8.837-7.163-16-16-16H16c-8.837 0-16 7.163-16 16v40c0 8.837 7.163 16 16 16z\"><\/path><\/svg><\/span>\n\t\t\t\t\t<span class=\"ha-menu-close-icon ha-menu-toggler hide-icon\" data-humberger=\"close\"><svg aria-hidden=\"true\" class=\"e-font-icon-svg e-far-window-close\" viewBox=\"0 0 512 512\" xmlns=\"http:\/\/www.w3.org\/2000\/svg\"><path d=\"M464 32H48C21.5 32 0 53.5 0 80v352c0 26.5 21.5 48 48 48h416c26.5 0 48-21.5 48-48V80c0-26.5-21.5-48-48-48zm-83.6 290.5c4.8 4.8 4.8 12.6 0 17.4l-40.5 40.5c-4.8 4.8-12.6 4.8-17.4 0L256 313.3l-66.5 67.1c-4.8 4.8-12.6 4.8-17.4 0l-40.5-40.5c-4.8-4.8-4.8-12.6 0-17.4l67.1-66.5-67.1-66.5c-4.8-4.8-4.8-12.6 0-17.4l40.5-40.5c4.8-4.8 12.6-4.8 17.4 0l66.5 67.1 66.5-67.1c4.8-4.8 12.6-4.8 17.4 0l40.5 40.5c4.8 4.8 4.8 12.6 0 17.4L313.3 256l67.1 66.5z\"><\/path><\/svg><\/span>\n\t\t\t\t<\/div>\n\t\t\t<ul id=\"menu-menu-principal\" class=\"menu\"><li id=\"menu-item-734\" class=\"menu-item menu-item-type-post_type menu-item-object-page menu-item-home\"><a href=\"https:\/\/torbal.eu\/\"><span class=\"menu-item-title\">Inicio<\/span><\/a><\/li>\n<li id=\"menu-item-795\" class=\"menu-item menu-item-type-post_type menu-item-object-page\"><a href=\"https:\/\/torbal.eu\/index.php\/servicios\/\"><span class=\"menu-item-title\">Servicios<\/span><\/a><\/li>\n<li id=\"menu-item-794\" class=\"menu-item menu-item-type-post_type menu-item-object-page\"><a href=\"https:\/\/torbal.eu\/index.php\/proyectos\/\"><span class=\"menu-item-title\">Proyectos<\/span><\/a><\/li>\n<li id=\"menu-item-740\" class=\"menu-item menu-item-type-post_type menu-item-object-page\"><a href=\"https:\/\/torbal.eu\/index.php\/contacto-3\/\"><span class=\"menu-item-title\">Contacto<\/span><\/a><\/li>\n<\/ul><\/div><\/nav>\t\t\t\t<\/div>\n\t\t\t\t<\/div>\n\t\t\t\t\t<\/div>\n\t\t<\/div>\n\t\t\t\t\t<\/div>\n\t\t<\/section>\n\t\t\t\t<section class=\"elementor-section elementor-top-section elementor-element elementor-element-5e7b2262 elementor-section-boxed elementor-section-height-default elementor-section-height-default\" data-id=\"5e7b2262\" data-element_type=\"section\" data-settings=\"{&quot;_ha_eqh_enable&quot;:false}\">\n\t\t\t\t\t\t<div class=\"elementor-container elementor-column-gap-default\">\n\t\t\t\t\t<div class=\"elementor-column elementor-col-100 elementor-top-column elementor-element elementor-element-3abe3edd\" data-id=\"3abe3edd\" data-element_type=\"column\">\n\t\t\t<div class=\"elementor-widget-wrap elementor-element-populated\">\n\t\t\t\t\t\t<div class=\"elementor-element elementor-element-2534af21 elementor-widget elementor-widget-text-editor\" data-id=\"2534af21\" data-element_type=\"widget\" data-widget_type=\"text-editor.default\">\n\t\t\t\t<div class=\"elementor-widget-container\">\n\t\t\t\t\t\t\t\t\t<h4><strong>Aviso Legal<\/strong><\/h4>\t\t\t\t\t\t\t\t<\/div>\n\t\t\t\t<\/div>\n\t\t\t\t\t<\/div>\n\t\t<\/div>\n\t\t\t\t\t<\/div>\n\t\t<\/section>\n\t\t\t\t<section class=\"elementor-section elementor-top-section elementor-element elementor-element-24da367d elementor-section-boxed elementor-section-height-default elementor-section-height-default\" data-id=\"24da367d\" data-element_type=\"section\" data-settings=\"{&quot;_ha_eqh_enable&quot;:false}\">\n\t\t\t\t\t\t<div class=\"elementor-container elementor-column-gap-default\">\n\t\t\t\t\t<div class=\"elementor-column elementor-col-100 elementor-top-column elementor-element elementor-element-4a916090\" data-id=\"4a916090\" data-element_type=\"column\">\n\t\t\t<div class=\"elementor-widget-wrap elementor-element-populated\">\n\t\t\t\t\t\t<div class=\"elementor-element elementor-element-680b4a76 elementor-widget elementor-widget-text-editor\" data-id=\"680b4a76\" data-element_type=\"widget\" data-widget_type=\"text-editor.default\">\n\t\t\t\t<div class=\"elementor-widget-container\">\n\t\t\t\t\t\t\t\t\t<p><strong>CONDICIONES DE USO DE LA WEB www.torbal.eu DE TORBAL SOLUTIONS.<\/strong><\/p>\n<p style=\"text-align: justify;\">0. OBJETO Y ACEPTACI\u00d3N<br>El presente aviso legal regula el uso del sitio web drbaldoma.com (en adelante, LA WEB), del que es titular TORBALSOLUTIONS (en adelante, EL PROPIETARIO DE LA WEB).<br>La navegaci\u00f3n por el sitio web de EL PROPIETARIO DE LA WEB atribuye la condici\u00f3n de usuario del mismo e implica la aceptaci\u00f3n plena y sin reservas de todas y cada una de las disposiciones incluidas en este Aviso Legal, que pueden sufrir modificaciones.<br>El usuario se obliga a hacer un uso correcto del sitio web de conformidad con las leyes, la buena fe, el orden p\u00fablico, los usos del tr\u00e1fico y el presente Aviso Legal. El usuario responder\u00e1 frente a EL PROPIETARIO DE LA WEB o frente a terceros, de cualesquiera da\u00f1os y perjuicios que pudieran causarse como consecuencia del incumplimiento de dicha obligaci\u00f3n.<br>1. IDENTIFICACI\u00d3N Y COMUNICACIONES<br>EL PROPIETARIO DE LA WEB, en cumplimiento de la Ley 34\/2002, de 11 de julio, de servicios de la sociedad de la informaci\u00f3n y de comercio electr\u00f3nico, le informa de que: Su denominaci\u00f3n social es: XXXXXXXX Su CIF es: XXXXXXXX. Su domicilio social est\u00e1 en Xxxxx Xxxxx, 999, 08008 &#8211; Barcelona.<br>Para comunicarse con nosotros mediante correo electr\u00f3nico en la direcci\u00f3n info@torbal.eu. Todas las notificaciones y comunicaciones entre los usuarios y EL PROPIETARIO DE LA WEB se considerar\u00e1n eficaces, a todos los efectos, cuando se realicen a trav\u00e9s de correo postal o cualquier otro medio de los detallados anteriormente.<\/p>\n<p style=\"text-align: justify;\">2. CONDICIONES DE ACCESO Y UTILIZACI\u00d3N<br>El sitio web y sus servicios son de acceso libre y gratuito, no obstante, EL PROPIETARIO DE LA WEB condiciona la utilizaci\u00f3n de algunos de los servicios ofrecidos en su web a la previa cumplimentaci\u00f3n del correspondiente formulario. El usuario garantiza la autenticidad y actualidad de todos aquellos datos que comunique a EL PROPIETARIO DE LA WEB y ser\u00e1 el \u00fanico responsable de las manifestaciones falsas o inexactas que realice. El usuario se compromete expresamente a hacer un uso adecuado de los contenidos y servicios de EL PROPIETARIO DE LA WEB y a no emplearlos para, entre otros:<br>a) Difundir contenidos, delictivos, violen tos, pornogr\u00e1ficos, racistas, xen\u00f3fobo, ofensivos, de apolog\u00eda del terrorismo o, en general, contrarios a la ley o al orden p\u00fablico.<br>b) Introducir en la red virus inform\u00e1ticos o realizar actuaciones susceptibles de alterar, estropear, interrumpir o generar errores o da\u00f1os en los documentos electr\u00f3nicos, datos o sistemas f\u00edsicos y l\u00f3gicos de EL PROPIETARIO DE LA WEB o de terceras personas; as\u00ed como obstaculizar el acceso de otros usuarios al sitio web y a sus servicios mediante el consumo masivo de los recursos inform\u00e1ticos a trav\u00e9s de los cuales EL PROPIETARIO DE LA WEB presta sus servicios.<br>c) Intentar acceder a las cuentas de correo electr\u00f3nico de otros usuarios o a \u00e1reas restringidas de los sistemas inform\u00e1ticos de EL PROPIETARIO DE LA WEB o de terceros y, en su caso, extraer informaci\u00f3n.<br>d) Vulnerar los derechos de propiedad intelectual o industrial, as\u00ed como violar la confidencialidad de la informaci\u00f3n de EL PROPIETARIO DE LA WEB o de terceros.<br>e) Suplantar la identidad de otro usuario, de las administraci\u00f3n es p\u00fablicas o de un tercero.<br>f) Reproducir, copiar, distribuir, poner a disposici\u00f3n o de cualquier otra forma comunicar p\u00fablicamente, transformar o modificar los contenidos, a menos que se cuente con la autorizaci\u00f3n del titular de los correspondientes derechos o ello resulte legalmente permitido.<br>g) Recabar datos con finalidad publicitaria y de remitir publicidad de cualquier clase y comunicaciones con fines de venta u otras de naturaleza comercial sin que medie su previa solicitud o consentimiento.<br>Todos los contenidos del sitio web, como textos, fotograf\u00edas, gr\u00e1ficos, im\u00e1genes, iconos, tecnolog\u00eda, software, as\u00ed como su dise\u00f1o gr\u00e1fico y c\u00f3digos fuente, constituyen una obra cuya propiedad pertenece a EL PROPIETARIO DE LA WEB, sin que puedan entenderse cedidos al usuario ninguno de los derechos de explotaci\u00f3n sobre los mismos m\u00e1s all\u00e1 de lo estrictamente necesario para el correcto uso de la web.<br>En definitiva, los usuarios que accedan a este sitio web pueden visualizar los contenidos y efectuar, en su caso, copias privadas autorizadas siempre que los elementos reproducidos no sean cedidos posteriormente a terceros, ni se instalen a servidores conectados a redes, ni sean objeto de ning\u00fan tipo de explotaci\u00f3n.<br>Asimismo, todas las marcas, nombres comerciales o signos distintivos de cualquier clase que aparecen en el sitio web son propiedad de EL PROPIETARIO DE LA WEB, sin que pueda entenderse que el uso o acceso al mismo atribuya al usuario derecho alguno sobre los mismos.<br>La distribuci\u00f3n, modificaci\u00f3n, cesi\u00f3n o comunicaci\u00f3n p\u00fablica de los contenidos y cualquier otro acto que no haya sido expresamente autorizado por el titular de los derechos de explotaci\u00f3n quedan prohibidos.<br>El establecimiento de un hiperenlace no implica en ning\u00fan caso la existencia de relaciones entre EL PROPIETARIO DE LA WEB y el propietario del sitio web en la que se establezca, ni la aceptaci\u00f3n y aprobaci\u00f3n por parte de EL PROPIETARIO DE LA WEB de sus contenidos o servicios. Aquellas personas que se propongan establecer un hiperenlace previamente deber\u00e1n solicitar autorizaci\u00f3n por escrito a EL PROPIETARIO DE LA WEB. En todo caso, el hiperenlace \u00fanicamente permitir\u00e1 el acceso a la home-page o p\u00e1gina de inicio de nuestro sitio web, asimismo deber\u00e1 abstenerse de realizar manifestaciones o indicaciones falsas, inexactas o incorrectas sobre EL PROPIETARIO DE LA WEB, o incluir contenidos il\u00edcitos, contrarios a las buenas costumbres y al orden p\u00fablico.<br>EL PROPIETARIO DE LA WEB no se responsabiliza del uso que cada usuario le d\u00e9 a los materiales puestos a disposici\u00f3n en este sitio web ni de las actuaciones que realice en base a los mismos.<\/p>\n<p style=\"text-align: justify;\">3. EXCLUSI\u00d3N DE GARANT\u00cdAS Y DE RESPONSABILIDAD<br>El contenido del presente sitio web es de car\u00e1cter general y tiene una finalidad meramente informativa, sin que se garantice plenamente el acceso a todos los contenidos, ni su exhaustividad, correcci\u00f3n, vigencia o actualidad, ni su idoneidad o utilidad para un objetivo espec\u00edfico.<br>EL PROPIETARIO DE LA WEB excluye, hasta donde permite el ordenamiento jur\u00eddico, cualquier responsabilidad por los da\u00f1os y perjuicios de toda naturaleza derivados de:<br>a) La imposibilidad de acceso al sitio web o la falta de veracidad, exactitud, exhaustividad y\/o actualidad de los contenidos, as\u00ed como la existencia de vicios y defectos de toda clase de los contenidos transmitidos, difundidos, almacenados, puestos a disposici\u00f3n a los que se haya accedido a trav\u00e9s del sitio web o de los servicios que se ofrecen.<br>b) La presencia de virus o de otros elementos en los contenidos que puedan producir alteraciones en los sistemas inform\u00e1ticos, documentos electr\u00f3nicos o datos de los usuarios.<br>c) El incumplimiento de las leyes, la buena fe, el orden p\u00fablico, los usos del tr\u00e1fico y el presente aviso legal como consecuencia del uso incorrecto del sitio web. En particular, y a modo ejemplificativo, EL PROPIETARIO DE LA WEB no se hace responsable de las actuaciones de terceros que vulneren derechos de propiedad intelectual e industrial, secretos empresaria les, derechos al honor, a la intimidad personal y familiar y a la propia imagen, as\u00ed como la normativa en materia de competencia desleal y publicidad il\u00edcita.<br>Asimismo, EL PROPIETARIO DE LA WEB declina cualquier responsabilidad respecto a la informaci\u00f3n que se halle fuera de esta web y no sea gestionada directamente por nuestro webmaster. La funci\u00f3n de los links que aparecen en esta web es exclusivamente la de informar al usuario sobre la existencia de otras fuentes susceptibles de ampliar los contenidos que ofrece este sitio web. EL PROPIETARIO DE LA WEB no garantiza ni se responsabiliza del funcionamiento o accesibilidad de los sitios enlazados; ni sugiere, invita o recomienda la visita a los mismos, por lo que tampoco ser\u00e1 responsable del resultado obtenido. EL PROPIETARIO DE LA WEB no se responsabiliza del establecimiento de hiperv\u00ednculos por parte de terceros.<\/p>\n<p style=\"text-align: justify;\">4. POL\u00cdTICA DE PRIVACIDAD<br>Cuando precisemos obtener informaci\u00f3n por su parte, siempre le so licitaremos que nos la proporcione voluntariamente de forma expresa. Los datos recabados a trav\u00e9s de los formularios de recogida de datos del sitio web u otras v\u00edas ser\u00e1n incorporados a un fichero de datos de car\u00e1cter personal debidamente inscrito en el Registro General de Protecci\u00f3n de Datos de la Agencia Espa\u00f1ol a de Protecci\u00f3n de Datos, del cual es responsable EL PROPIETARIO DE LA WEB. Esta entidad tratar\u00e1 los datos de forma confidencial y exclusivamente con la finalidad de ofrecer los servicios solicitados, con todas las garant\u00edas legales y de seguridad que impone la Ley Org\u00e1nica 15\/1999, de 13 de diciembre, de Protecci\u00f3n de Datos de Car\u00e1cter Personal, el Real Decreto 1720\/2007, de 21 de diciembre y la Ley 34\/2002, de 11 de julio, de Servicios de la Sociedad de la Informaci\u00f3n y Comercio Electr\u00f3nico.<br>EL PROPIETARIO DE LA WEB se compromete a no ceder, vender, ni compartir los datos con terceros sin su aprobaci\u00f3n expresa.<br>Asimismo, EL PROPIETARIO DE LA WEB cancelar\u00e1 o rectificar\u00e1 los datos cuando resulten inexactos, incompletos o hayan dejado de ser necesarios o pertinente s para su finalidad, de conformidad con lo previsto en la Ley Org\u00e1nica 15\/1999, de 13 de diciembre, de Protecci\u00f3n de Datos de Car\u00e1cter Personal.<br>El usuario podr\u00e1 revocar el consentimiento prestado y ejercer los derechos de acceso, rectificaci\u00f3n, cancelaci\u00f3n y oposici\u00f3n dirigi\u00e9ndose a tal efecto al domicilio social de EL PROPIETARIO DE LA WEB, identific\u00e1ndose debidamente e indicando de forma visible el concreto derecho que se ejerce.<br>EL PROPIETARIO DE LA WEB adopta los niveles de seguridad correspondientes requeridos por la citada Ley Org\u00e1nica 15\/1999 y dem\u00e1s normativa aplicable. No obstante, no asume ninguna responsabilidad por los da\u00f1os y perjuicios derivados de alteraciones que terceros pueden causar en los sistemas inform\u00e1ticos, documentos electr\u00f3nicos o ficheros del usuario.<br>EL PROPIETARIO DE LA WEB podr\u00e1 utilizar cookies durante la prestaci\u00f3n de servicios del sitio web. Las cookies son ficheros f\u00edsicos de informaci\u00f3n personal alojados en el propio terminal del usuario. El usuario tiene la posibilidad de configurar su programa navegador de manera que se impida la creaci\u00f3n de archivos cookie o se advierta de la misma.<br>Si opta a abandonar nuestro sitio web a trav\u00e9s de enlaces a sitios web no pertenecientes a nuestra entidad, EL PROPIETARIO DE LA WEB no se har\u00e1 responsable de las pol\u00edticas de privacidad de dichos sitios web ni de las cookies que \u00e9stos puedan almacenar en el ordenador del usuario.<br>Esta p\u00e1gina web utiliza Google Analytics, un servicio anal\u00edtico de web prestado por Google, Inc., una compa\u00f1\u00eda de Delaware cuya oficina principal est\u00e1 en 1600 Amphitheatre Parkway, Mountain View (California), CA 94043, Estados Unidos (\u201cGoogle\u201d).<br>Google Analytics utiliza \u201ccookies\u201d, que son archivos de texto ubicados en su ordenador, para ayudar al website a analizar el uso que hacen los usuarios del sitio web. La informaci\u00f3n que genera la cookie acerca de su uso del website (incluyendo su direcci\u00f3n IP) ser\u00e1 directamente transmitida y archivad a por Google en los servidores de Estados Unidos.<br>Google usar\u00e1 esta informaci\u00f3n por cuenta nuestra con el prop\u00f3sito de seguir la pista de su uso del website, recopilando informes de la actividad del website y prestando otros servicios relacionados con la actividad del website y el uso de Internet.<br>Google podr\u00e1 transmitir dicha informaci\u00f3n a terceros cuando as\u00ed se lo requiera la legislaci\u00f3n, o cuando dichos terceros procesen la informaci\u00f3n por cuenta de Google. Google no asociar\u00e1 su direcci\u00f3n IP con ning\u00fan otro dato del que disponga Google.<br>Puede Usted rechazar el tratamiento de los datos o la informaci\u00f3n rechazando el uso de cookies mediante la selecci\u00f3n de la configuraci\u00f3n apropiada de su navegador, sin embargo, debe Usted saber que si lo hace puede ser que no pueda usar la plena funcionabilidad de este website. Al utilizar este website Usted consiente el tratamiento de informaci\u00f3n acerca de Usted por Google en la forma y para los fines arriba indicados.<br>Nuestra pol\u00edtica con respecto al correo electr\u00f3nico se centra en remitir \u00fanicamente comunicaciones que usted haya solicitado recibir.<br>Si prefiere no recibir estos mensajes por correo electr\u00f3nico le ofreceremos a trav\u00e9s de los mismos la posibilidad de ejercer su derecho de cancelaci\u00f3n y renuncia a la recepci\u00f3n de estos mensajes, en conformidad con lo dispuesto en el T\u00edtulo III, art\u00edculo 22 de la Ley 34\/2002 de Servicios para la Sociedad de la Informaci\u00f3n y de Comercio Electr\u00f3nico.<\/p>\n<p style=\"text-align: justify;\">5. PROCEDIMIENTO EN CASO DE REALIZACI\u00d3N DE ACTIVIDADES DE CAR\u00c1CTER IL\u00cdCITO<br>En el caso de que cualquier usuario o un tercero considere que existen hechos o circunstancias que revelen el car\u00e1cter il\u00edcito de la utilizaci\u00f3n de cualquier contenido y\/o de la realizaci\u00f3n de cualquier actividad en las p\u00e1gina s web incluidas o accesibles a trav\u00e9s del sitio web, deber\u00e1 enviar una notificaci\u00f3n a EL PROPIETARIO DE LA WEB identific\u00e1ndose debidamente, especificando las supuestas infracciones y declarando expresamente y bajo su responsabilidad que la informaci\u00f3n proporcionada en la notificaci\u00f3n es exacta.<br>Para toda cuesti\u00f3n litigiosa que incumba al sitio web de EL PROPIETARIO DE LA WEB, ser\u00e1 de aplicaci\u00f3n la legislaci\u00f3n espa\u00f1ola, siendo competentes los Juzgados y Tribunales de Barcelona.<\/p>\n<p style=\"text-align: justify;\">6. PUBLICACIONES<br>La informaci\u00f3n administrativa facilitada a trav\u00e9s del sitio web no sustituye la publicidad legal de las leyes, normativas, planes, disposiciones generales y actos que tengan que ser publicados formalmente a los diarios oficiales de las administraciones p\u00fablicas, que constituyen el \u00fanico instrumento que da fe de su autenticidad y contenido. La informaci\u00f3n disponible en este sitio web debe entenderse como una gu\u00eda sin prop\u00f3sito de validez legal.<\/p>\t\t\t\t\t\t\t\t<\/div>\n\t\t\t\t<\/div>\n\t\t\t\t\t<\/div>\n\t\t<\/div>\n\t\t\t\t\t<\/div>\n\t\t<\/section>\n\t\t\t\t<\/div>\n\t\t","protected":false},"excerpt":{"rendered":"<p>Inicio Servicios Proyectos Contacto Aviso Legal CONDICIONES DE USO DE LA WEB www.torbal.eu DE TORBAL SOLUTIONS. 0. OBJETO Y ACEPTACI\u00d3NEl presente aviso legal regula el uso del sitio web drbaldoma.com (en adelante, LA WEB), del que es titular TORBALSOLUTIONS (en adelante, EL PROPIETARIO DE LA WEB).La navegaci\u00f3n por el sitio web de EL PROPIETARIO DE &#8230; <a title=\"Aviso Legal\" class=\"read-more\" href=\"https:\/\/torbal.eu\/index.php\/aviso-legal\/\" aria-label=\"Leer m\u00e1s sobre Aviso Legal\">Leer m\u00e1s<\/a><\/p>\n","protected":false},"author":2,"featured_media":0,"parent":0,"menu_order":18,"comment_status":"closed","ping_status":"closed","template":"elementor_header_footer","meta":{"footnotes":""},"class_list":["post-3","page","type-page","status-publish"],"_links":{"self":[{"href":"https:\/\/torbal.eu\/index.php\/wp-json\/wp\/v2\/pages\/3","targetHints":{"allow":["GET"]}}],"collection":[{"href":"https:\/\/torbal.eu\/index.php\/wp-json\/wp\/v2\/pages"}],"about":[{"href":"https:\/\/torbal.eu\/index.php\/wp-json\/wp\/v2\/types\/page"}],"author":[{"embeddable":true,"href":"https:\/\/torbal.eu\/index.php\/wp-json\/wp\/v2\/users\/2"}],"replies":[{"embeddable":true,"href":"https:\/\/torbal.eu\/index.php\/wp-json\/wp\/v2\/comments?post=3"}],"version-history":[{"count":23,"href":"https:\/\/torbal.eu\/index.php\/wp-json\/wp\/v2\/pages\/3\/revisions"}],"predecessor-version":[{"id":925,"href":"https:\/\/torbal.eu\/index.php\/wp-json\/wp\/v2\/pages\/3\/revisions\/925"}],"wp:attachment":[{"href":"https:\/\/torbal.eu\/index.php\/wp-json\/wp\/v2\/media?parent=3"}],"curies":[{"name":"wp","href":"https:\/\/api.w.org\/{rel}","templated":true}]}}